{"id":73,"date":"2025-11-04T15:02:30","date_gmt":"2025-11-04T15:02:30","guid":{"rendered":"https:\/\/sites.generatepress.com\/lifestyle\/?page_id=73"},"modified":"2026-02-21T21:43:28","modified_gmt":"2026-02-21T21:43:28","slug":"o-mnie","status":"publish","type":"page","link":"https:\/\/gotujka.com\/en\/o-mnie\/","title":{"rendered":"O mnie"},"content":{"rendered":"<div class=\"gb-element-5bce850f\">\n<div class=\"gb-element-4d451d30\">\n<div class=\"gb-element-a75d31e9\">\n<img loading=\"lazy\" decoding=\"async\" width=\"1024\" height=\"1536\" class=\"gb-media-8861d444\" alt=\"\" src=\"https:\/\/gotujka.pl\/wp-content\/uploads\/2026\/02\/ChatGPT-Image-Feb-20-2026-10_46_47-PM.png\" title=\"ChatGPT Image Feb 20, 2026, 10_46_47 PM\" srcset=\"https:\/\/gotujka.com\/wp-content\/uploads\/2026\/02\/ChatGPT-Image-Feb-20-2026-10_46_47-PM.png 1024w, https:\/\/gotujka.com\/wp-content\/uploads\/2026\/02\/ChatGPT-Image-Feb-20-2026-10_46_47-PM-200x300.png 200w, https:\/\/gotujka.com\/wp-content\/uploads\/2026\/02\/ChatGPT-Image-Feb-20-2026-10_46_47-PM-683x1024.png 683w, https:\/\/gotujka.com\/wp-content\/uploads\/2026\/02\/ChatGPT-Image-Feb-20-2026-10_46_47-PM-768x1152.png 768w\" sizes=\"auto, (max-width: 1024px) 100vw, 1024px\" \/>\n<\/div>\n\n\n\n<div>\n<h2 class=\"gb-text-5888ab09\"><span class=\"gb-shape\"><svg xmlns=\"http:\/\/www.w3.org\/2000\/svg\" xml:space=\"preserve\" style=\"fill-rule:evenodd;clip-rule:evenodd;stroke-linejoin:round;stroke-miterlimit:2\" viewbox=\"0 0 4920 912\"><path d=\"M0 0h4920v911.359H0z\" style=\"fill:none\"><\/path><clippath id=\"a\"><path d=\"M0 0h4920v911.359H0z\"><\/path><\/clippath><g clip-path=\"url(#a)\"><path d=\"M3571.05 773.4c-.7 77.4-92.16 126.12-161.54 120.26-36.18-3.05-69.08-23.82-76-61.479-7.25-39.501 13.75-80.851 36.16-111.901 22.49-31.16 50-59.23 80.24-83.93 61.78 20.22 121.78 66.52 121.14 137.05ZM2400.04 342.79c14.34-72.68 63.65-136.29 119.1-183.25 27.27-23.09 61.12-46.41 97.88-49.3 49.64-3.91 74.26 38.13 65.63 82.52-13.51 69.43-73.61 127.01-123.07 173.52-41.97 39.47-88.04 74.45-137.22 104.4-22.91-37.56-31.23-82.73-22.32-127.89Zm2135.5 227.4c-70.08 30.96-146.46 48.66-223.33 44.45-77.84-4.27-151.49-32.09-223.62-59.55-69.11-26.31-138.53-52.63-212.39-61.7-62.33-7.65-125.8-4.24-187.18 8.87-87.55 18.7-172.21 57.83-242.69 114.05-31.3-8.35-64.33-11.74-96.24-13.29-83.11-4.04-166.65-3.62-249.84-5.19l-267.36-5.04c-67.58-1.27-135.54-.82-202.47-11.53-59.21-9.47-121.35-26.51-168.55-65.25a181.224 181.224 0 0 1-29-29.99c50.24-31.02 97.18-67.27 139.44-107.01 45.91-43.18 95.9-93.18 119.13-153 17.4-44.81 17.52-102.81-32.14-126.53-55.5-26.5-119.29 17.58-159.27 52.86-47.28 41.72-88.07 94.47-108.81 154.52-21.77 63.01-13.15 123.35 17.16 172.17-7.94 4.62-15.95 9.12-24.04 13.48-112.27 60.55-268.77 117.45-393.19 58.27-121.3-57.71-114.54-201.39-123.88-315.28-8.67-105.6-44.76-215.88-165.18-232.62-128.71-17.9-259.17 68.06-357.12 141.28-110.44 82.56-206.99 181.44-305.83 277.08-101.44 98.15-207.97 200.01-334.57 265.12-67.75 34.85-144.13 59.99-221.13 57.11-76.8-2.87-136.01-38.7-190.85-89.82-46.22-43.09-92-88.42-155.7-103.09-46.07-10.61-92.78-4.67-136.89 10v19.08c66.7-23.44 136.36-24.87 201.77 19.3 56.39 38.08 97.21 95.53 157.18 128.94 55.94 31.17 120.78 38.78 183.61 30.53 136.35-17.93 254.09-99.45 357.15-185.49 107.82-90.01 204.1-192.61 306.86-288.13 102.34-95.13 216.89-192.96 349.47-242.67 64.53-24.2 143.6-37.92 205.81.11 52.47 32.07 73.66 89.97 82.42 148.01 15.95 105.54-3.09 230.08 67.12 319.66 72.57 92.59 206.03 93.62 310.49 67.09 68.71-17.45 135.23-46.02 197.07-82.56 23.66 31.33 56.85 56.94 96.9 74.04 121.25 51.77 263.31 41.31 391.9 43.74l256.66 4.83c84.4 1.59 174.11-4.79 257.26 11.86 2.5.51 5.02 1.06 7.54 1.65-23.19 20.1-44.64 42.15-63.88 66.03-33.49 41.56-66.08 102.62-44.24 156.76 20.68 51.28 78.94 64.56 128.66 56.18 54.1-9.13 111.64-43.23 131.88-96.47 20.18-53.07-4.15-110.79-43.43-148.04-20.66-19.6-44.92-33.01-70.94-42.24 20.21-15.17 41.38-28.91 62.91-41.11 117.36-66.55 259.17-91.39 391.45-62.39 146.97 32.23 279.22 120.75 434.16 113.53 237.28-11.07 407.43-181.28 564.22-347.67v-25.21c-114.12 121.52-228.96 241.59-384.46 310.27Z\" style=\"fill-rule:nonzero\"><\/path><\/g><\/svg><\/span><span class=\"gb-text\">Cze\u015b\u0107, tu Ania<\/span><\/h2>\n\n\n\n<p class=\"gb-text\">Zawsze wierzy\u0142am, \u017ce dobre jedzenie nie musi by\u0107 skomplikowane, dlatego stworzy\u0142am gotujka.pl \u2014 miejsce pe\u0142ne prostych, domowych przepis\u00f3w, kt\u00f3re naprawd\u0119 sprawdzaj\u0105 si\u0119 na co dzie\u0144. Gotowanie od dawna jest moj\u0105 ulubion\u0105 form\u0105 odpoczynku i sposobem na wprowadzenie troch\u0119 spokoju do codziennego \u017cycia.<br><br>Najbardziej ciesz\u0105 mnie przepisy, kt\u00f3re wychodz\u0105 za pierwszym razem \u2014 szybkie obiady, rozgrzewaj\u0105ce zupy i proste \u015bniadania, kt\u00f3re mo\u017cna zrobi\u0107 bez stresu i bez d\u0142ugiej listy sk\u0142adnik\u00f3w. Nie udaj\u0119 perfekcyjnej kucharki. Lubi\u0119 testowa\u0107, upraszcza\u0107 i dzieli\u0107 si\u0119 tym, co naprawd\u0119 dzia\u0142a w zwyk\u0142ej domowej kuchni.<br><br>Poza gotowaniem najcz\u0119\u015bciej znajdziesz mnie z kubkiem kawy, planuj\u0105c\u0105 kolejny przepis albo szukaj\u0105c\u0105 nowych pomys\u0142\u00f3w na szybkie dania. Inspiracje przychodz\u0105 z codzienno\u015bci \u2014 z rozm\u00f3w, rodzinnych smak\u00f3w i ma\u0142ych moment\u00f3w przy stole.<br><br>Chcia\u0142abym, \u017ceby gotujka.pl by\u0142o jak spokojna rozmowa mi\u0119dzy znajomymi \u2014 bez presji, za to z du\u017c\u0105 dawk\u0105 praktycznych wskaz\u00f3wek. Je\u015bli znajdziesz tu pomys\u0142 na obiad, kt\u00f3ry u\u0142atwi Ci dzie\u0144, to znaczy, \u017ce wszystko dzia\u0142a tak, jak powinno.<\/p>\n<\/div>\n<\/div>\n<\/div>\n\n\n\n<div class=\"gb-element-4fed7e93\">\n<div class=\"gb-element-9c4fa3ee\">\n<div>\n<h2 class=\"gb-text gb-text-448baab8\">Ma\u0142e kuchenne momenty<\/h2>\n\n\n\n<p class=\"gb-text gb-text-ee251c14\">Czasem to w\u0142a\u015bnie najprostsze przepisy zostaj\u0105 z nami na d\u0142u\u017cej. Na gotujka.pl zapisuj\u0119 pomys\u0142y, kt\u00f3re sprawiaj\u0105, \u017ce codzienne gotowanie staje si\u0119 \u0142atwiejsze i przyjemniejsze \u2014 od szybkich kolacji po domowe klasyki, do kt\u00f3rych chce si\u0119 wraca\u0107.<\/p>\n<\/div>\n\n\n\n<div class=\"gb-element-de86cac1\">\n<img loading=\"lazy\" decoding=\"async\" width=\"1280\" height=\"1280\" class=\"gb-media-652b2df0\" alt=\"\" src=\"https:\/\/gotujka.pl\/wp-content\/uploads\/2026\/02\/1711030067795.webp\" title=\"1711030067795\" srcset=\"https:\/\/gotujka.com\/wp-content\/uploads\/2026\/02\/1711030067795.webp 1280w, https:\/\/gotujka.com\/wp-content\/uploads\/2026\/02\/1711030067795-300x300.webp 300w, https:\/\/gotujka.com\/wp-content\/uploads\/2026\/02\/1711030067795-1024x1024.webp 1024w, https:\/\/gotujka.com\/wp-content\/uploads\/2026\/02\/1711030067795-150x150.webp 150w, https:\/\/gotujka.com\/wp-content\/uploads\/2026\/02\/1711030067795-768x768.webp 768w\" sizes=\"auto, (max-width: 1280px) 100vw, 1280px\" \/>\n\n\n\n<img loading=\"lazy\" decoding=\"async\" width=\"1500\" height=\"1125\" class=\"gb-media-0527ef15\" alt=\"\" src=\"https:\/\/gotujka.pl\/wp-content\/uploads\/2026\/02\/8421914-Marry-Me-Chicken-Soup-4x3-179-843abc8af99247dcadb3f79a91681d49.jpg\" title=\"8421914-Marry-Me-Chicken-Soup-4x3-179-843abc8af99247dcadb3f79a91681d49\" srcset=\"https:\/\/gotujka.com\/wp-content\/uploads\/2026\/02\/8421914-Marry-Me-Chicken-Soup-4x3-179-843abc8af99247dcadb3f79a91681d49.jpg 1500w, https:\/\/gotujka.com\/wp-content\/uploads\/2026\/02\/8421914-Marry-Me-Chicken-Soup-4x3-179-843abc8af99247dcadb3f79a91681d49-300x225.jpg 300w, https:\/\/gotujka.com\/wp-content\/uploads\/2026\/02\/8421914-Marry-Me-Chicken-Soup-4x3-179-843abc8af99247dcadb3f79a91681d49-1024x768.jpg 1024w, https:\/\/gotujka.com\/wp-content\/uploads\/2026\/02\/8421914-Marry-Me-Chicken-Soup-4x3-179-843abc8af99247dcadb3f79a91681d49-768x576.jpg 768w\" sizes=\"auto, (max-width: 1500px) 100vw, 1500px\" \/>\n<\/div>\n<\/div>\n<\/div>\n\n\n\n<div class=\"gb-element-c00e8c32\">\n<span class=\"gb-shape gb-shape-e2f705bf gb-shape--divider\"><svg preserveaspectratio=\"none\" viewbox=\"0 0 1200 360\" xmlns=\"http:\/\/www.w3.org\/2000\/svg\"><path d=\"M1200 360H0V0l1200 348z\"><\/path><\/svg><\/span>\n\n\n\n<img loading=\"lazy\" decoding=\"async\" width=\"261\" height=\"758\" class=\"gb-media-9e1b8ed8\" alt=\"Flower design\" src=\"https:\/\/gotujka.pl\/wp-content\/uploads\/2025\/11\/flower-design.png\" title=\"Flower design\" srcset=\"https:\/\/gotujka.com\/wp-content\/uploads\/2025\/11\/flower-design.png 261w, https:\/\/gotujka.com\/wp-content\/uploads\/2025\/11\/flower-design-103x300.png 103w\" sizes=\"auto, (max-width: 261px) 100vw, 261px\" \/>\n\n\n\n<div class=\"gb-element-43a00a76\">\n<h2 class=\"gb-text gb-text-5710c948\">My latest posts<\/h2>\n\n\n\n<div><div class=\"gb-looper-cf8fd197\">\n<article class=\"gb-loop-item gb-loop-item-c15c6533 post-2130 post type-post status-publish format-standard hentry category-obiady\">\n\n\n<h3 class=\"gb-text gb-text-800e3680\"><a href=\"https:\/\/gotujka.com\/en\/zapiekanka-drwala\/\">Zapiekanka Drwala Przepis Na Syc\u0105c\u0105 G\u00f3ralsk\u0105 Zapiekank\u0119<\/a><\/h3>\n<\/article>\n\n<article class=\"gb-loop-item gb-loop-item-c15c6533 post-2126 post type-post status-publish format-standard hentry category-kolacje\">\n\n\n<h3 class=\"gb-text gb-text-800e3680\"><a href=\"https:\/\/gotujka.com\/en\/pieczone-ziemniaki-z-serem-i-zioami\/\">Pieczone Ziemniaki Z Serem I Zio\u0142ami Przepis Krok Po Kroku<\/a><\/h3>\n<\/article>\n\n<article class=\"gb-loop-item gb-loop-item-c15c6533 post-2121 post type-post status-publish format-standard has-post-thumbnail hentry category-przekaski\">\n<a href=\"https:\/\/gotujka.com\/en\/paluchy-czosnkowe-z-ciasta-francuskiego\/\"><img loading=\"lazy\" decoding=\"async\" width=\"768\" height=\"1152\" data-media-id=\"2118\" class=\"gb-media-dd955bb4\" alt=\"Paluchy Czosnkowe Z Ciasta Francuskiego szybki przepis featured image\" src=\"https:\/\/gotujka.com\/wp-content\/uploads\/2026\/04\/0_2-768x1152.png\" srcset=\"https:\/\/gotujka.com\/wp-content\/uploads\/2026\/04\/0_2-768x1152.png 768w, https:\/\/gotujka.com\/wp-content\/uploads\/2026\/04\/0_2-200x300.png 200w, https:\/\/gotujka.com\/wp-content\/uploads\/2026\/04\/0_2-683x1024.png 683w, https:\/\/gotujka.com\/wp-content\/uploads\/2026\/04\/0_2-8x12.png 8w, https:\/\/gotujka.com\/wp-content\/uploads\/2026\/04\/0_2.png 896w\" sizes=\"auto, (max-width: 768px) 100vw, 768px\" \/><\/a>\n\n\n\n<h3 class=\"gb-text gb-text-800e3680\"><a href=\"https:\/\/gotujka.com\/en\/paluchy-czosnkowe-z-ciasta-francuskiego\/\">Paluchy Czosnkowe Z Ciasta Francuskiego szybki przepis<\/a><\/h3>\n<\/article>\n\n<article class=\"gb-loop-item gb-loop-item-c15c6533 post-2116 post type-post status-publish format-standard hentry category-obiady\">\n\n\n<h3 class=\"gb-text gb-text-800e3680\"><a href=\"https:\/\/gotujka.com\/en\/kotlety-po-francusku-2\/\">Kotlety Po Francusku Easy Tender Pork Cutlet Recipe<\/a><\/h3>\n<\/article>\n<\/div><\/div>\n<\/div>\n<\/div>","protected":false},"excerpt":{"rendered":"<p>Cze\u015b\u0107, tu Ania Zawsze wierzy\u0142am, \u017ce dobre jedzenie nie musi by\u0107 skomplikowane, dlatego stworzy\u0142am gotujka.pl \u2014 miejsce pe\u0142ne prostych, domowych przepis\u00f3w, kt\u00f3re naprawd\u0119 sprawdzaj\u0105 si\u0119 na co dzie\u0144. Gotowanie od dawna jest moj\u0105 ulubion\u0105 form\u0105 odpoczynku i sposobem na wprowadzenie troch\u0119 spokoju do codziennego \u017cycia. Najbardziej ciesz\u0105 mnie przepisy, kt\u00f3re wychodz\u0105 za pierwszym razem \u2014 &#8230; <a title=\"O mnie\" class=\"read-more\" href=\"https:\/\/gotujka.com\/en\/o-mnie\/\" aria-label=\"Read more about O mnie\">Read more<\/a><\/p>","protected":false},"author":1,"featured_media":0,"parent":0,"menu_order":0,"comment_status":"closed","ping_status":"closed","template":"","meta":{"wprm-recipe-roundup-name":"","wprm-recipe-roundup-description":"","rank_math_focus_keyword":"O mnie","rank_math_title":"","rank_math_description":"","rank_math_pillar_content":"","rank_math_schema":[],"footnotes":""},"class_list":["post-73","page","type-page","status-publish"],"_links":{"self":[{"href":"https:\/\/gotujka.com\/en\/wp-json\/wp\/v2\/pages\/73","targetHints":{"allow":["GET"]}}],"collection":[{"href":"https:\/\/gotujka.com\/en\/wp-json\/wp\/v2\/pages"}],"about":[{"href":"https:\/\/gotujka.com\/en\/wp-json\/wp\/v2\/types\/page"}],"author":[{"embeddable":true,"href":"https:\/\/gotujka.com\/en\/wp-json\/wp\/v2\/users\/1"}],"replies":[{"embeddable":true,"href":"https:\/\/gotujka.com\/en\/wp-json\/wp\/v2\/comments?post=73"}],"version-history":[{"count":5,"href":"https:\/\/gotujka.com\/en\/wp-json\/wp\/v2\/pages\/73\/revisions"}],"predecessor-version":[{"id":1617,"href":"https:\/\/gotujka.com\/en\/wp-json\/wp\/v2\/pages\/73\/revisions\/1617"}],"wp:attachment":[{"href":"https:\/\/gotujka.com\/en\/wp-json\/wp\/v2\/media?parent=73"}],"curies":[{"name":"wp","href":"https:\/\/api.w.org\/{rel}","templated":true}]}}